{"id":428,"date":"2025-05-07T16:21:32","date_gmt":"2025-05-07T14:21:32","guid":{"rendered":"http:\/\/ziemianie-nowenarracje.localhost\/?page_id=428"},"modified":"2025-11-13T13:56:48","modified_gmt":"2025-11-13T12:56:48","slug":"badanie-postaw-i-test-konceptow-komunikacyjnych","status":"publish","type":"page","link":"https:\/\/ziemianieatakuja.pl\/narracje\/badanie-postaw-i-test-konceptow-komunikacyjnych\/","title":{"rendered":"Jeszcze test i&#8230;&nbsp;mamy to!"},"content":{"rendered":"<p>Po wy\u0142onieniu kierunk\u00f3w zmian na styku cz\u0142owiek-przyroda i wypracowaniu pomys\u0142\u00f3w komunikacyjnych, przyszed\u0142 czas na ich przetestowanie na pr\u00f3bie 806 Polak\u00f3w. To ju\u017c ostatnia prosta do stworzenia poradnik\u00f3w!<\/p>\n<p>Poradniki &#8222;J\u0119zyk w g\u0119bie&#8221; ujrz\u0105 \u015bwiat\u0142o dzienne ju\u017c 14 listopada 2025 r. podczas premiery w Centrum Nauki Kopernik.<\/p>\n<p style=\"font-weight: 400;\">W programie:<\/p>\n<p style=\"font-weight: 400;\">14:30 &#8211; SDG #17 w praktyce: spotkanie patron\u00f3w, partner\u00f3w i przyjaci\u00f3\u0142 &#8222;Ziemian&#8221; przy kawie, herbacie i przek\u0105sce<\/p>\n<p style=\"font-weight: 400;\">15:00 &#8211; rozpoczy<span data-markjs=\"true\">na<\/span>my streaming<\/p>\n<p style=\"font-weight: 400;\">15:00 &#8211; Powitanie przez patro<span data-markjs=\"true\">na<\/span> i gospodarza (Magdalena M\u0142ochowska, Urz\u0105d m.st. Warszawy)<\/p>\n<p style=\"font-weight: 400;\">15:05\u00a0&#8211; Warszawa, Miko\u0142ajki, Krak\u00f3w, Murzasichle, Katowice &#8211; kr\u00f3tka opowie\u015b\u0107 o tym, jak powstawa\u0142y poradniki komunikacyjne &#8222;Ziemianie Atakuj\u0105! &#8211; J\u0119zyk w g\u0119bie\u201d\u00a0(Mateusz Galica i Marta Marczuk, Lata Dwudzieste)<\/p>\n<p style=\"font-weight: 400;\">15:10 &#8211; Power Speech #1: dlaczego musimy zmieni\u0107 \u015bwiat energii? (Kamil Wyszkowski, UN Global Compact Network Poland)<\/p>\n<p style=\"font-weight: 400;\">15:15 &#8211; Power Speech #2: dlaczego trzeba przemy\u015ble\u0107 spos\u00f3b przemieszczania si\u0119 z A do B? (Maria Wi\u015bnicka, Urz\u0105d m.st. Warszawy)<\/p>\n<p style=\"font-weight: 400;\">15:20 &#8211; Power Speech #3: dlaczego <span data-markjs=\"true\">na<\/span>le\u017cy zacz\u0105\u0107 i<span data-markjs=\"true\">na<\/span>czej je\u015b\u0107? (prof. dr hab. Zbigniew Karaczun, SGGW, <span class=\"a_GcMg font-feature-liga-off font-feature-clig-off font-feature-calt-off text-decoration-none text-strikethrough-none\">prof. dr hab. Ewelina Hallman, SGGW<\/span>, Think Tank \u017bywno\u015b\u0107 dla Przysz\u0142o\u015bci)<\/p>\n<p style=\"font-weight: 400;\">15:25 &#8211; Power Speech #4: dlaczego powinni\u015bmy poderwa\u0107 pracownik\u00f3w du\u017cych i ma\u0142ych firm? (Agnieszka Wyci\u015blik-Kupicha, Eco Smart Ma<span data-markjs=\"true\">na<\/span>gement)<\/p>\n<p style=\"font-weight: 400;\">15:30 &#8211; Power Song: jak wpadli\u015bmy w tryby konsumpcji (niespodzianka muzycz<span data-markjs=\"true\">na<\/span>)<\/p>\n<p style=\"font-weight: 400;\">15:35 &#8211; Zapomnieli\u015bmy j\u0119zyka w g\u0119bie &#8211; dyskusja z g\u0142\u00f3wnymi patro<span data-markjs=\"true\">na<\/span>mi &#8222;Ziemian\u201d\u00a0(przedstawiciele g\u0142\u00f3wnych patron\u00f3w projektu: Bank Pekao S.A., ORLEN, InPost, Danone, IKEA)<\/p>\n<p style=\"font-weight: 400;\">15:55 &#8211; &#8222;J\u0119zyk w g\u0119bie&#8221; &#8211; prezentacja praktycznych poradnik\u00f3w komunikacyjnych dla firm, samorz\u0105d\u00f3w, polityk\u00f3w i NGO\u2019s\u00f3w (Mateusz Galica, Lata Dwudzieste)<\/p>\n<p style=\"font-weight: 400;\">16:10 &#8211; Wielka wdzi\u0119czno\u015b\u0107! Podzi\u0119kowania i wr\u0119czenie statuetek patronom projektu<\/p>\n<p>16:35 &#8211; Power Surprise: trz\u0119sienie ziemi, czyli plany na &#8222;Ziemian&#8221; w 2026 r.<\/p>\n<p style=\"font-weight: 400;\">16:40 &#8211; Power Video: J\u0119zyk w g\u0119bie (niespodzianka video)<\/p>\n<p style=\"font-weight: 400;\">16:45 &#8211; Koktail dla patron\u00f3w, partner\u00f3w i przyjaci\u00f3\u0142 &#8222;Ziemian&#8221;-<\/p>\n<p style=\"font-weight: 400;\">18:00 &#8211; Zako\u0144czenie<\/p>\n<p>Link do streamingu: <a href=\"https:\/\/youtube.com\/live\/Th70ELKSZc4?feature=share\">https:\/\/youtube.com\/live\/Th70ELKSZc4?feature=share<\/a><\/p>\n<p>Masz pytania? <a href=\"katarzyna.mondel@lata-dwudzieste.pl\">Napisz do nasz<\/a>!<\/p>\n","protected":false},"excerpt":{"rendered":"<p>Po wy\u0142onieniu kierunk\u00f3w zmian na styku cz\u0142owiek-przyroda i wypracowaniu pomys\u0142\u00f3w komunikacyjnych, przyszed\u0142 czas na ich przetestowanie na pr\u00f3bie 806 Polak\u00f3w. To ju\u017c ostatnia prosta do stworzenia poradnik\u00f3w! Poradniki &#8222;J\u0119zyk w&#8230;<\/p>\n","protected":false},"author":1,"featured_media":0,"parent":0,"menu_order":0,"comment_status":"closed","ping_status":"closed","template":"","meta":{"footnotes":""},"class_list":["post-428","page","type-page","status-publish","hentry"],"acf":[],"yoast_head":"<!-- This site is optimized with the Yoast SEO plugin v25.0 - https:\/\/yoast.com\/wordpress\/plugins\/seo\/ -->\n<title>Jeszcze test i...&nbsp;mamy to! - Ziemianie Atakuj\u0105 - Nowe Narracje<\/title>\n<meta name=\"robots\" content=\"index, follow, max-snippet:-1, max-image-preview:large, max-video-preview:-1\" \/>\n<link rel=\"canonical\" href=\"https:\/\/ziemianieatakuja.pl\/narracje\/badanie-postaw-i-test-konceptow-komunikacyjnych\/\" \/>\n<meta property=\"og:locale\" content=\"pl_PL\" \/>\n<meta property=\"og:type\" content=\"article\" \/>\n<meta property=\"og:title\" content=\"Jeszcze test i...&nbsp;mamy to! - Ziemianie Atakuj\u0105 - Nowe Narracje\" \/>\n<meta property=\"og:description\" content=\"Po wy\u0142onieniu kierunk\u00f3w zmian na styku cz\u0142owiek-przyroda i wypracowaniu pomys\u0142\u00f3w komunikacyjnych, przyszed\u0142 czas na ich przetestowanie na pr\u00f3bie 806 Polak\u00f3w. To ju\u017c ostatnia prosta do stworzenia poradnik\u00f3w! Poradniki &#8222;J\u0119zyk w...\" \/>\n<meta property=\"og:url\" content=\"https:\/\/ziemianieatakuja.pl\/narracje\/badanie-postaw-i-test-konceptow-komunikacyjnych\/\" \/>\n<meta property=\"og:site_name\" content=\"Ziemianie Atakuj\u0105 - Nowe Narracje\" \/>\n<meta property=\"article:modified_time\" content=\"2025-11-13T12:56:48+00:00\" \/>\n<meta name=\"twitter:card\" content=\"summary_large_image\" \/>\n<meta name=\"twitter:label1\" content=\"Szacowany czas czytania\" \/>\n\t<meta name=\"twitter:data1\" content=\"2 minuty\" \/>\n<script type=\"application\/ld+json\" class=\"yoast-schema-graph\">{\"@context\":\"https:\/\/schema.org\",\"@graph\":[{\"@type\":\"WebPage\",\"@id\":\"https:\/\/ziemianieatakuja.pl\/narracje\/badanie-postaw-i-test-konceptow-komunikacyjnych\/\",\"url\":\"https:\/\/ziemianieatakuja.pl\/narracje\/badanie-postaw-i-test-konceptow-komunikacyjnych\/\",\"name\":\"Jeszcze test i...&nbsp;mamy to! - Ziemianie Atakuj\u0105 - Nowe Narracje\",\"isPartOf\":{\"@id\":\"https:\/\/ziemianieatakuja.pl\/narracje\/#website\"},\"datePublished\":\"2025-05-07T14:21:32+00:00\",\"dateModified\":\"2025-11-13T12:56:48+00:00\",\"breadcrumb\":{\"@id\":\"https:\/\/ziemianieatakuja.pl\/narracje\/badanie-postaw-i-test-konceptow-komunikacyjnych\/#breadcrumb\"},\"inLanguage\":\"pl-PL\",\"potentialAction\":[{\"@type\":\"ReadAction\",\"target\":[\"https:\/\/ziemianieatakuja.pl\/narracje\/badanie-postaw-i-test-konceptow-komunikacyjnych\/\"]}]},{\"@type\":\"BreadcrumbList\",\"@id\":\"https:\/\/ziemianieatakuja.pl\/narracje\/badanie-postaw-i-test-konceptow-komunikacyjnych\/#breadcrumb\",\"itemListElement\":[{\"@type\":\"ListItem\",\"position\":1,\"name\":\"Strona g\u0142\u00f3wna\",\"item\":\"https:\/\/ziemianieatakuja.pl\/narracje\/\"},{\"@type\":\"ListItem\",\"position\":2,\"name\":\"Jeszcze test i&#8230;&nbsp;mamy to!\"}]},{\"@type\":\"WebSite\",\"@id\":\"https:\/\/ziemianieatakuja.pl\/narracje\/#website\",\"url\":\"https:\/\/ziemianieatakuja.pl\/narracje\/\",\"name\":\"Ziemianie Atakuj\u0105 - Nowe Narracje\",\"description\":\"\",\"potentialAction\":[{\"@type\":\"SearchAction\",\"target\":{\"@type\":\"EntryPoint\",\"urlTemplate\":\"https:\/\/ziemianieatakuja.pl\/narracje\/?s={search_term_string}\"},\"query-input\":{\"@type\":\"PropertyValueSpecification\",\"valueRequired\":true,\"valueName\":\"search_term_string\"}}],\"inLanguage\":\"pl-PL\"}]}<\/script>\n<!-- \/ Yoast SEO plugin. -->","yoast_head_json":{"title":"Jeszcze test i...&nbsp;mamy to! - Ziemianie Atakuj\u0105 - Nowe Narracje","robots":{"index":"index","follow":"follow","max-snippet":"max-snippet:-1","max-image-preview":"max-image-preview:large","max-video-preview":"max-video-preview:-1"},"canonical":"https:\/\/ziemianieatakuja.pl\/narracje\/badanie-postaw-i-test-konceptow-komunikacyjnych\/","og_locale":"pl_PL","og_type":"article","og_title":"Jeszcze test i...&nbsp;mamy to! - Ziemianie Atakuj\u0105 - Nowe Narracje","og_description":"Po wy\u0142onieniu kierunk\u00f3w zmian na styku cz\u0142owiek-przyroda i wypracowaniu pomys\u0142\u00f3w komunikacyjnych, przyszed\u0142 czas na ich przetestowanie na pr\u00f3bie 806 Polak\u00f3w. To ju\u017c ostatnia prosta do stworzenia poradnik\u00f3w! Poradniki &#8222;J\u0119zyk w...","og_url":"https:\/\/ziemianieatakuja.pl\/narracje\/badanie-postaw-i-test-konceptow-komunikacyjnych\/","og_site_name":"Ziemianie Atakuj\u0105 - Nowe Narracje","article_modified_time":"2025-11-13T12:56:48+00:00","twitter_card":"summary_large_image","twitter_misc":{"Szacowany czas czytania":"2 minuty"},"schema":{"@context":"https:\/\/schema.org","@graph":[{"@type":"WebPage","@id":"https:\/\/ziemianieatakuja.pl\/narracje\/badanie-postaw-i-test-konceptow-komunikacyjnych\/","url":"https:\/\/ziemianieatakuja.pl\/narracje\/badanie-postaw-i-test-konceptow-komunikacyjnych\/","name":"Jeszcze test i...&nbsp;mamy to! - Ziemianie Atakuj\u0105 - Nowe Narracje","isPartOf":{"@id":"https:\/\/ziemianieatakuja.pl\/narracje\/#website"},"datePublished":"2025-05-07T14:21:32+00:00","dateModified":"2025-11-13T12:56:48+00:00","breadcrumb":{"@id":"https:\/\/ziemianieatakuja.pl\/narracje\/badanie-postaw-i-test-konceptow-komunikacyjnych\/#breadcrumb"},"inLanguage":"pl-PL","potentialAction":[{"@type":"ReadAction","target":["https:\/\/ziemianieatakuja.pl\/narracje\/badanie-postaw-i-test-konceptow-komunikacyjnych\/"]}]},{"@type":"BreadcrumbList","@id":"https:\/\/ziemianieatakuja.pl\/narracje\/badanie-postaw-i-test-konceptow-komunikacyjnych\/#breadcrumb","itemListElement":[{"@type":"ListItem","position":1,"name":"Strona g\u0142\u00f3wna","item":"https:\/\/ziemianieatakuja.pl\/narracje\/"},{"@type":"ListItem","position":2,"name":"Jeszcze test i&#8230;&nbsp;mamy to!"}]},{"@type":"WebSite","@id":"https:\/\/ziemianieatakuja.pl\/narracje\/#website","url":"https:\/\/ziemianieatakuja.pl\/narracje\/","name":"Ziemianie Atakuj\u0105 - Nowe Narracje","description":"","potentialAction":[{"@type":"SearchAction","target":{"@type":"EntryPoint","urlTemplate":"https:\/\/ziemianieatakuja.pl\/narracje\/?s={search_term_string}"},"query-input":{"@type":"PropertyValueSpecification","valueRequired":true,"valueName":"search_term_string"}}],"inLanguage":"pl-PL"}]}},"_links":{"self":[{"href":"https:\/\/ziemianieatakuja.pl\/narracje\/wp-json\/wp\/v2\/pages\/428","targetHints":{"allow":["GET"]}}],"collection":[{"href":"https:\/\/ziemianieatakuja.pl\/narracje\/wp-json\/wp\/v2\/pages"}],"about":[{"href":"https:\/\/ziemianieatakuja.pl\/narracje\/wp-json\/wp\/v2\/types\/page"}],"author":[{"embeddable":true,"href":"https:\/\/ziemianieatakuja.pl\/narracje\/wp-json\/wp\/v2\/users\/1"}],"replies":[{"embeddable":true,"href":"https:\/\/ziemianieatakuja.pl\/narracje\/wp-json\/wp\/v2\/comments?post=428"}],"version-history":[{"count":14,"href":"https:\/\/ziemianieatakuja.pl\/narracje\/wp-json\/wp\/v2\/pages\/428\/revisions"}],"predecessor-version":[{"id":1120,"href":"https:\/\/ziemianieatakuja.pl\/narracje\/wp-json\/wp\/v2\/pages\/428\/revisions\/1120"}],"wp:attachment":[{"href":"https:\/\/ziemianieatakuja.pl\/narracje\/wp-json\/wp\/v2\/media?parent=428"}],"curies":[{"name":"wp","href":"https:\/\/api.w.org\/{rel}","templated":true}]}}