{"id":424,"date":"2025-05-07T16:20:25","date_gmt":"2025-05-07T14:20:25","guid":{"rendered":"http:\/\/ziemianie-nowenarracje.localhost\/?page_id=424"},"modified":"2025-10-09T17:54:34","modified_gmt":"2025-10-09T15:54:34","slug":"cele-komunikacyjne","status":"publish","type":"page","link":"https:\/\/ziemianieatakuja.pl\/narracje\/cele-komunikacyjne\/","title":{"rendered":"Cele komunikacyjne"},"content":{"rendered":"<p>Co w\u0142a\u015bciwie mamy komunikowa\u0107 \u2013 \u017ce mamy zmian\u0119 klimatu i \u017ce to dla nas gro\u017ane? Nie. To ju\u017c by\u0142o i nic nie da\u0142o. Podchodzimy do sprawy inaczej.<\/p>\n<p>Dzi\u0119ki warsztatom eksperckim towarzysz\u0105cym projektowi \u201cZiemianie Atakuj\u0105!\u201d, wiemy, \u017ce jako spo\u0142ecze\u0144stwa powinni\u015bmy bezzw\u0142ocznie zmieni\u0107 swoje zachowanie. Wy\u0142onili\u015bmy trzy obszary priorytetowe:<\/p>\n<p><strong>1. Energetyka<\/strong> &#8211; odej\u015b\u0107 od paliw kopalnych, inwestowa\u0107 w rozw\u00f3j alternatywnych \u017ar\u00f3de\u0142 energii, zmniejszy\u0107 energoch\u0142ono\u015b\u0107.<br \/>\n<strong>2. Transport<\/strong> &#8211; wprowadzi\u0107 opodatkowanie emisyjnych \u015brodk\u00f3w transportu przy jednoczesnym rozwoju taniego i przyst\u0119pnego transportu publicznego.<br \/>\n<strong>3. \u017bywno\u015b\u0107<\/strong> &#8211; zminimalizowa\u0107 efekty produkcji szkodliwej dla klimatu (\u0142\u0105cznie ze zmian\u0105 proporcji mi\u0119sa w diecie). Rozwija\u0107 rolnictwo w oparciu o produkty przyjazne dla planety: \u0142atwo dost\u0119pne i lokalne.<\/p>\n<p>W kontek\u015bcie obowi\u0105zkowego dla wielu firm raportowania ESG, ciekawych danych dostarcza ostatnia edycja \u201cZiemian\u201d. Tylko 15% pracownik\u00f3w jest ca\u0142kowicie pewnych tego, \u017ce ich pracodawca prowadzi dzia\u0142ania na rzecz \u015brodowiska naturalnego. Spo\u015br\u00f3d tych, kt\u00f3rzy nie zauwa\u017caj\u0105 takich dzia\u0142a\u0144, ponad po\u0142owa uwa\u017ca, \u017ce powinny one zosta\u0107 podj\u0119te przez organizacj\u0119, w kt\u00f3rej pracuj\u0105. Pracownicy wyrazili wiec do\u015b\u0107 wyra\u017an\u0105 potrzeb\u0119, by powsta\u0142 czwarty obszar:<\/p>\n<p><strong>4. Pracownicy <\/strong>&#8211; wyja\u015bni\u0107 sens i celowo\u015b\u0107 dzia\u0142a\u0144 pro\u015brodowiskowych ich pracodawc\u00f3w.<\/p>\n<p>Dla czterech powy\u017cszych obszar\u00f3w powstaj\u0105 wi\u0119c poradniki komunikacyjne, kt\u00f3re pomog\u0105 anga\u017cowa\u0107 ludzi do przeciwdzia\u0142ania zmianie klimatu lub do dzia\u0142a\u0144 adaptacyjnych.<\/p>\n<p>Dla ka\u017cdego z tych obszar\u00f3w musimy wy\u0142oni\u0107 konkretne dzia\u0142ania, kt\u00f3re mog\u0105 nam si\u0119 \u201cprzydarzy\u0107\u201d w najbli\u017cszych latach. Te dzia\u0142ania, grupy docelowe, mo\u017cliwe bariery i korzy\u015bci szkicujemy dzi\u0119ki serii wywiad\u00f3w z ekspertami:<\/p>\n","protected":false},"excerpt":{"rendered":"<p>Co w\u0142a\u015bciwie mamy komunikowa\u0107 \u2013 \u017ce mamy zmian\u0119 klimatu i \u017ce to dla nas gro\u017ane? Nie. To ju\u017c by\u0142o i nic nie da\u0142o. Podchodzimy do sprawy inaczej. Dzi\u0119ki warsztatom eksperckim&#8230;<\/p>\n","protected":false},"author":1,"featured_media":0,"parent":0,"menu_order":0,"comment_status":"closed","ping_status":"closed","template":"","meta":{"footnotes":""},"class_list":["post-424","page","type-page","status-publish","hentry"],"acf":[],"yoast_head":"<!-- This site is optimized with the Yoast SEO plugin v25.0 - https:\/\/yoast.com\/wordpress\/plugins\/seo\/ -->\n<title>Cele komunikacyjne - Ziemianie Atakuj\u0105 - Nowe Narracje<\/title>\n<meta name=\"robots\" content=\"index, follow, max-snippet:-1, max-image-preview:large, max-video-preview:-1\" \/>\n<link rel=\"canonical\" href=\"https:\/\/ziemianieatakuja.pl\/narracje\/cele-komunikacyjne\/\" \/>\n<meta property=\"og:locale\" content=\"pl_PL\" \/>\n<meta property=\"og:type\" content=\"article\" \/>\n<meta property=\"og:title\" content=\"Cele komunikacyjne - Ziemianie Atakuj\u0105 - Nowe Narracje\" \/>\n<meta property=\"og:description\" content=\"Co w\u0142a\u015bciwie mamy komunikowa\u0107 \u2013 \u017ce mamy zmian\u0119 klimatu i \u017ce to dla nas gro\u017ane? Nie. To ju\u017c by\u0142o i nic nie da\u0142o. Podchodzimy do sprawy inaczej. Dzi\u0119ki warsztatom eksperckim...\" \/>\n<meta property=\"og:url\" content=\"https:\/\/ziemianieatakuja.pl\/narracje\/cele-komunikacyjne\/\" \/>\n<meta property=\"og:site_name\" content=\"Ziemianie Atakuj\u0105 - Nowe Narracje\" \/>\n<meta property=\"article:modified_time\" content=\"2025-10-09T15:54:34+00:00\" \/>\n<meta name=\"twitter:card\" content=\"summary_large_image\" \/>\n<meta name=\"twitter:label1\" content=\"Szacowany czas czytania\" \/>\n\t<meta name=\"twitter:data1\" content=\"2 minuty\" \/>\n<script type=\"application\/ld+json\" class=\"yoast-schema-graph\">{\"@context\":\"https:\/\/schema.org\",\"@graph\":[{\"@type\":\"WebPage\",\"@id\":\"https:\/\/ziemianieatakuja.pl\/narracje\/cele-komunikacyjne\/\",\"url\":\"https:\/\/ziemianieatakuja.pl\/narracje\/cele-komunikacyjne\/\",\"name\":\"Cele komunikacyjne - Ziemianie Atakuj\u0105 - Nowe Narracje\",\"isPartOf\":{\"@id\":\"https:\/\/ziemianieatakuja.pl\/narracje\/#website\"},\"datePublished\":\"2025-05-07T14:20:25+00:00\",\"dateModified\":\"2025-10-09T15:54:34+00:00\",\"breadcrumb\":{\"@id\":\"https:\/\/ziemianieatakuja.pl\/narracje\/cele-komunikacyjne\/#breadcrumb\"},\"inLanguage\":\"pl-PL\",\"potentialAction\":[{\"@type\":\"ReadAction\",\"target\":[\"https:\/\/ziemianieatakuja.pl\/narracje\/cele-komunikacyjne\/\"]}]},{\"@type\":\"BreadcrumbList\",\"@id\":\"https:\/\/ziemianieatakuja.pl\/narracje\/cele-komunikacyjne\/#breadcrumb\",\"itemListElement\":[{\"@type\":\"ListItem\",\"position\":1,\"name\":\"Strona g\u0142\u00f3wna\",\"item\":\"https:\/\/ziemianieatakuja.pl\/narracje\/\"},{\"@type\":\"ListItem\",\"position\":2,\"name\":\"Cele komunikacyjne\"}]},{\"@type\":\"WebSite\",\"@id\":\"https:\/\/ziemianieatakuja.pl\/narracje\/#website\",\"url\":\"https:\/\/ziemianieatakuja.pl\/narracje\/\",\"name\":\"Ziemianie Atakuj\u0105 - Nowe Narracje\",\"description\":\"\",\"potentialAction\":[{\"@type\":\"SearchAction\",\"target\":{\"@type\":\"EntryPoint\",\"urlTemplate\":\"https:\/\/ziemianieatakuja.pl\/narracje\/?s={search_term_string}\"},\"query-input\":{\"@type\":\"PropertyValueSpecification\",\"valueRequired\":true,\"valueName\":\"search_term_string\"}}],\"inLanguage\":\"pl-PL\"}]}<\/script>\n<!-- \/ Yoast SEO plugin. -->","yoast_head_json":{"title":"Cele komunikacyjne - Ziemianie Atakuj\u0105 - Nowe Narracje","robots":{"index":"index","follow":"follow","max-snippet":"max-snippet:-1","max-image-preview":"max-image-preview:large","max-video-preview":"max-video-preview:-1"},"canonical":"https:\/\/ziemianieatakuja.pl\/narracje\/cele-komunikacyjne\/","og_locale":"pl_PL","og_type":"article","og_title":"Cele komunikacyjne - Ziemianie Atakuj\u0105 - Nowe Narracje","og_description":"Co w\u0142a\u015bciwie mamy komunikowa\u0107 \u2013 \u017ce mamy zmian\u0119 klimatu i \u017ce to dla nas gro\u017ane? Nie. To ju\u017c by\u0142o i nic nie da\u0142o. Podchodzimy do sprawy inaczej. Dzi\u0119ki warsztatom eksperckim...","og_url":"https:\/\/ziemianieatakuja.pl\/narracje\/cele-komunikacyjne\/","og_site_name":"Ziemianie Atakuj\u0105 - Nowe Narracje","article_modified_time":"2025-10-09T15:54:34+00:00","twitter_card":"summary_large_image","twitter_misc":{"Szacowany czas czytania":"2 minuty"},"schema":{"@context":"https:\/\/schema.org","@graph":[{"@type":"WebPage","@id":"https:\/\/ziemianieatakuja.pl\/narracje\/cele-komunikacyjne\/","url":"https:\/\/ziemianieatakuja.pl\/narracje\/cele-komunikacyjne\/","name":"Cele komunikacyjne - Ziemianie Atakuj\u0105 - Nowe Narracje","isPartOf":{"@id":"https:\/\/ziemianieatakuja.pl\/narracje\/#website"},"datePublished":"2025-05-07T14:20:25+00:00","dateModified":"2025-10-09T15:54:34+00:00","breadcrumb":{"@id":"https:\/\/ziemianieatakuja.pl\/narracje\/cele-komunikacyjne\/#breadcrumb"},"inLanguage":"pl-PL","potentialAction":[{"@type":"ReadAction","target":["https:\/\/ziemianieatakuja.pl\/narracje\/cele-komunikacyjne\/"]}]},{"@type":"BreadcrumbList","@id":"https:\/\/ziemianieatakuja.pl\/narracje\/cele-komunikacyjne\/#breadcrumb","itemListElement":[{"@type":"ListItem","position":1,"name":"Strona g\u0142\u00f3wna","item":"https:\/\/ziemianieatakuja.pl\/narracje\/"},{"@type":"ListItem","position":2,"name":"Cele komunikacyjne"}]},{"@type":"WebSite","@id":"https:\/\/ziemianieatakuja.pl\/narracje\/#website","url":"https:\/\/ziemianieatakuja.pl\/narracje\/","name":"Ziemianie Atakuj\u0105 - Nowe Narracje","description":"","potentialAction":[{"@type":"SearchAction","target":{"@type":"EntryPoint","urlTemplate":"https:\/\/ziemianieatakuja.pl\/narracje\/?s={search_term_string}"},"query-input":{"@type":"PropertyValueSpecification","valueRequired":true,"valueName":"search_term_string"}}],"inLanguage":"pl-PL"}]}},"_links":{"self":[{"href":"https:\/\/ziemianieatakuja.pl\/narracje\/wp-json\/wp\/v2\/pages\/424","targetHints":{"allow":["GET"]}}],"collection":[{"href":"https:\/\/ziemianieatakuja.pl\/narracje\/wp-json\/wp\/v2\/pages"}],"about":[{"href":"https:\/\/ziemianieatakuja.pl\/narracje\/wp-json\/wp\/v2\/types\/page"}],"author":[{"embeddable":true,"href":"https:\/\/ziemianieatakuja.pl\/narracje\/wp-json\/wp\/v2\/users\/1"}],"replies":[{"embeddable":true,"href":"https:\/\/ziemianieatakuja.pl\/narracje\/wp-json\/wp\/v2\/comments?post=424"}],"version-history":[{"count":20,"href":"https:\/\/ziemianieatakuja.pl\/narracje\/wp-json\/wp\/v2\/pages\/424\/revisions"}],"predecessor-version":[{"id":1033,"href":"https:\/\/ziemianieatakuja.pl\/narracje\/wp-json\/wp\/v2\/pages\/424\/revisions\/1033"}],"wp:attachment":[{"href":"https:\/\/ziemianieatakuja.pl\/narracje\/wp-json\/wp\/v2\/media?parent=424"}],"curies":[{"name":"wp","href":"https:\/\/api.w.org\/{rel}","templated":true}]}}