{"id":16,"date":"2019-09-18T00:52:28","date_gmt":"2019-09-17T22:52:28","guid":{"rendered":"http:\/\/ziemianieatakuja.localhost\/?page_id=16"},"modified":"2025-05-09T16:12:31","modified_gmt":"2025-05-09T14:12:31","slug":"polityka-prywatnosci","status":"publish","type":"page","link":"https:\/\/ziemianieatakuja.pl\/narracje\/polityka-prywatnosci\/","title":{"rendered":"Polityka prywatno\u015bci"},"content":{"rendered":"<p class=\"p1\" style=\"text-align: center;\"><strong><span class=\"Apple-converted-space\">\u00a01. <\/span><span class=\"s1\">DEFINICJE <\/span><\/strong><\/p>\n<p class=\"p1\"><strong>1.1. Administrator<\/strong> \u2013 Lata Dwudzieste Sp. z o.o. z siedzib\u0105 w Warszawie przy ulicy Opoczy\u0144skiej 10\/10, 02-526 Warszawa.<\/p>\n<p class=\"p2\"><strong>1.2. Dane osobowe <\/strong>\u2013 informacje o osobie fizycznej zidentyfikowanej lub mo\u017cliwej do zidentyfikowania poprzez jeden b\u0105d\u017a kilka szczeg\u00f3lnych czynnik\u00f3w okre\u015blaj\u0105cych fizyczn\u0105, fizjologiczn\u0105, genetyczn\u0105, psychiczn\u0105, ekonomiczn\u0105, kulturow\u0105 lub spo\u0142eczn\u0105 to\u017csamo\u015b\u0107, w tym IP urz\u0105dzenia, dane o lokalizacji, identyfikator internetowy oraz informacje gromadzone za po\u015brednictwem plik\u00f3w cookie oraz innej podobnej technologii.<\/p>\n<p class=\"p2\"><strong>1.3. Polityka <\/strong>\u2013 niniejsza Polityka prywatno\u015bci.<\/p>\n<p class=\"p2\"><strong>1.4. RODO <\/strong>\u2013 Rozporz\u0105dzenie Parlamentu Europejskiego i Rady (UE) 2016\/679 z dnia 27 kwietnia 2016 r. w sprawie ochrony os\u00f3b fizycznych w zwi\u0105zku z przetwarzaniem danych osobowych i w sprawie swobodnego przep\u0142ywu takich danych oraz uchylenia dyrektywy 95\/46\/WE.<\/p>\n<p class=\"p2\"><strong>1.5. Serwis <\/strong>\u2013 serwis internetowy prowadzony przez Administratora pod adresem <span class=\"s2\">https:\/\/ziemianieatakuja.pl\/ <\/span><\/p>\n<p class=\"p3\"><strong>1.6. U\u017cytkownik <\/strong>\u2013 ka\u017cda osoba fizyczna odwiedzaj\u0105ca Serwis lub korzystaj\u0105ca z jednej albo kilku us\u0142ug czy funkcjonalno\u015bci opisanych w Polityce.<\/p>\n<p class=\"p5\" style=\"text-align: center;\"><span class=\"s3\"><strong>2. MARKETING<\/strong><\/span><\/p>\n<p class=\"p5\"><strong>2.1. <\/strong>Administrator przetwarza Dane osobowe U\u017cytkownik\u00f3w w celu realizowania dzia\u0142a\u0144 marketingowych, kt\u00f3re mog\u0105 polega\u0107 na:<\/p>\n<p class=\"p5\"><strong>2.1.1. <\/strong>kierowaniu e-mailowych powiadomie\u0144 o interesuj\u0105cych ofertach lub tre\u015bciach, kt\u00f3re w niekt\u00f3rych przypadkach zawieraj\u0105 informacje handlowe (us\u0142uga newslettera);<\/p>\n<p class=\"p3\"><strong>2.1.2. <\/strong>prowadzenie innego rodzaju dzia\u0142a\u0144 zwi\u0105zanych z marketingiem bezpo\u015brednim towar\u00f3w i us\u0142ug (przesy\u0142anie informacji handlowych drog\u0105 elektroniczn\u0105).<\/p>\n<p class=\"p3\"><strong>2.2. <\/strong>W celu realizowania dzia\u0142a\u0144 marketingowych Administrator w niekt\u00f3rych przypadkach wykorzystuje profilowanie. Oznacza to, \u017ce dzi\u0119ki automatycznemu przetwarzaniu danych Administrator dokonuje oceny wybranych czynnik\u00f3w dotycz\u0105cych U\u017cytkownik\u00f3w w celu analizy ich zachowania lub stworzenia prognozy na przysz\u0142o\u015b\u0107. Pozwala to na lepsze dopasowanie wy\u015bwietlanych tre\u015bci do indywidualnych preferencji i zainteresowa\u0144 U\u017cytkownika.<\/p>\n<p class=\"p3\" style=\"text-align: center;\"><span class=\"s3\"><strong>3. NARZ\u0118DZIA ANALITYCZNE I MARKETINGOWE STOSOWANE PRZEZ PARTNER\u00d3W ADMINISTRATORA<\/strong><\/span><\/p>\n<p class=\"p3\"><strong>3.1. <\/strong>Administrator oraz jego Partnerzy stosuj\u0105 r\u00f3\u017cne rozwi\u0105zania i narz\u0119dzia wykorzystywane dla cel\u00f3w analitycznych i marketingowych. Poni\u017cej znajduj\u0105 si\u0119 podstawowe informacje na temat tych narz\u0119dzi. Szczeg\u00f3\u0142owe informacje w tym zakresie mo\u017cna natomiast znale\u017a\u0107 w polityce prywatno\u015bci danego partnera.<\/p>\n<p class=\"p7\"><strong>3.2. <\/strong>Pliki cookies Google Analytics s\u0105 to pliki wykorzystywane przez sp\u00f3\u0142k\u0119 Google w celu analizy sposobu korzystania z Serwisu przez U\u017cytkownika, do tworzenia statystyk i raport\u00f3w dotycz\u0105cych funkcjonowania Serwisu. Google nie wykorzystuje zebranych danych do identyfikacji U\u017cytkownika, ani nie \u0142\u0105czy tych informacji w celu umo\u017cliwienia identyfikacji. Szczeg\u00f3\u0142owe informacje o zakresie i zasadach zbierania danych w zwi\u0105zku z t\u0105 us\u0142ug\u0105 mo\u017cna znale\u017a\u0107 pod linkiem: <span class=\"s2\">https:\/\/www.google.com\/intl\/pl\/policies\/privacy\/partners <\/span><\/p>\n<p class=\"p5\"><strong>3.3. <\/strong>W Serwisie wykorzystywane s\u0105 wtyczki portali spo\u0142eczno\u015bciowych (Facebook, Google+, LinkedIn, Twitter). Wtyczki pozwalaj\u0105 U\u017cytkownikowi na udost\u0119pnienie tre\u015bci publikowanych w Serwisie w wybranym portalu spo\u0142eczno\u015bciowym. Stosowanie w Serwisie wtyczek powoduje, \u017ce dany serwis spo\u0142eczno\u015bciowy otrzymuje informacje o korzystaniu z Serwisu przez U\u017cytkownika i mo\u017ce przypisa\u0107 je do profilu U\u017cytkownika tworzonego w danym portalu spo\u0142eczno\u015bciowym. Administrator nie posiada wiedzy na temat celu i zakresu zbierania danych przez portale spo\u0142eczno\u015bciowe. Szczeg\u00f3\u0142owe informacje na ten temat mo\u017cna znale\u017a\u0107 pod poni\u017cszymi linkami:<\/p>\n<p class=\"p5\"><strong>3.3.1. <\/strong>Facebook: <span class=\"s2\">https:\/\/www.facebook.com\/policy.php <\/span><\/p>\n<p class=\"p8\"><span class=\"s4\"><strong>3.3.2. <\/strong>Google: <\/span>https:\/\/policies.google.com\/privacy?hl=pl<\/p>\n<p class=\"p8\"><span class=\"s4\"><strong>3.3.3. <\/strong>LinkedIn: <\/span>https:\/\/www.linkedin.com\/legal\/privacy-policy?_l=pl_PL<\/p>\n<p class=\"p9\"><span class=\"s4\"><strong>3.3.4. <\/strong>Twitter: <\/span>https:\/\/twitter.com\/en\/privacy<\/p>\n<p class=\"p2\" style=\"text-align: center;\"><strong>4. ZARZ\u0104DZANIE USTAWIENIAMI COOKIES <\/strong><\/p>\n<p class=\"p3\"><strong>4.1. <\/strong>Wykorzystanie plik\u00f3w cookies w celu zbierania za ich po\u015brednictwem danych, w tym uzyskania dost\u0119pu do danych zapisanych na urz\u0105dzeniu U\u017cytkownika, wymaga uzyskania zgody U\u017cytkownika. Zgoda ta mo\u017ce by\u0107 w ka\u017cdym momencie wycofana.<\/p>\n<p class=\"p3\"><strong>4.2. <\/strong>Zezwolenie nie jest wymagane jedynie w przypadku plik\u00f3w cookies, kt\u00f3rych stosowanie jest niezb\u0119dne do \u015bwiadczenia us\u0142ugi telekomunikacyjnej (transmisja danych w celu wy\u015bwietlenia tre\u015bci).<\/p>\n<p class=\"p2\"><strong>4.3. <\/strong>Wycofanie zgody na wykorzystanie plik\u00f3w cookies mo\u017cliwe jest za po\u015brednictwem ustawie\u0144 przegl\u0105darki. Szczeg\u00f3\u0142owe informacje na ten temat mo\u017cna znale\u017a\u0107 pod poni\u017cszymi linkami:<\/p>\n<p class=\"p2\"><strong>4.3.1. <\/strong>Google Chrome: <span class=\"s2\">https:\/\/support.google.com\/chrome\/answer\/95647?hl=pl <\/span><\/p>\n<p class=\"p11\"><span class=\"s4\"><strong>4.3.2. <\/strong>Edge: <\/span>https:\/\/support.microsoft.com\/pl-pl\/microsoft-edge\/usuwanie-plik%C3%B3w-cookie-w-przegl%C4%85darce-microsoft-edge-63947406-40ac-c3b8-57b9-2a946a29ae09<\/p>\n<p class=\"p11\"><span class=\"s4\"><strong>4.3.3. <\/strong>Internet Explorer: <\/span>https:\/\/support.microsoft.com\/pl-pl\/help\/17442\/windows-internet-explorer-delete-manage-cookies<\/p>\n<p class=\"p9\"><span class=\"s4\"><strong>4.3.4. <\/strong>Mozilla Firefox: <\/span>https:\/\/support.mozilla.org\/pl\/kb\/ciasteczka<\/p>\n<p class=\"p8\"><span class=\"s4\"><strong>4.3.5. <\/strong>Opera: <\/span>https:\/\/help.opera.com\/pl\/latest\/web-preferences\/#cookies<\/p>\n<p class=\"p9\"><span class=\"s4\"><strong>4.3.6. <\/strong>Safari: <\/span>https:\/\/support.apple.com\/pl-pl\/guide\/safari\/sfri11471\/mac<\/p>\n<p class=\"p5\"><strong>4.4. <\/strong>U\u017cytkownik mo\u017ce w ka\u017cdej chwili zweryfikowa\u0107 status swoich aktualnych ustawie\u0144 prywatno\u015bci dla wykorzystywanej przegl\u0105darki przy wykorzystaniu narz\u0119dzi dost\u0119pnych pod poni\u017cszymi linkami:<\/p>\n<p class=\"p5\"><strong>4.4.1. <\/strong><span class=\"s2\">https:\/\/www.youronlinechoices.com\/pl\/twojewybory <\/span><\/p>\n<p class=\"p9\"><span class=\"s4\"><strong>4.4.2. <\/strong><\/span>https:\/\/optout.aboutads.info\/?c=2&amp;lang=EN<\/p>\n<p style=\"text-align: center;\"><strong>5. OKRES PRZETWARZANIA DANYCH OSOBOWYCH <\/strong><\/p>\n<p class=\"p3\"><strong>5.1. <\/strong>Okres przetwarzania danych przez Administratora zale\u017cy od rodzaju \u015bwiadczonej us\u0142ugi i celu przetwarzania. Co do zasady dane przetwarzane s\u0105 do czasu wycofania wyra\u017conej zgody lub zg\u0142oszenia skutecznego sprzeciwu wzgl\u0119dem przetwarzania danych w przypadkach, gdy podstaw\u0105 prawn\u0105 przetwarzania danych jest prawnie uzasadniony interes Administratora.<\/p>\n<p class=\"p3\"><strong>5.2. <\/strong>Okres przetwarzania danych mo\u017ce by\u0107 przed\u0142u\u017cony w przypadku, gdy przetwarzanie jest niezb\u0119dne do ustalenia i dochodzenia ewentualnych roszcze\u0144 lub obrony przed roszczeniami, a po tym czasie jedynie w przypadku i w zakresie, w jakim b\u0119d\u0105 wymaga\u0107 tego przepisy prawa. Po up\u0142ywie okresu przetwarzania dane s\u0105 nieodwracalnie usuwane lub anonimizowane.<\/p>\n<p style=\"text-align: center;\"><strong>6. UPRAWNIENIA U\u017bYTKOWNIKA <\/strong><\/p>\n<p class=\"p3\"><strong>6.1. <\/strong>U\u017cytkownikowi przys\u0142uguje prawo dost\u0119pu do tre\u015bci danych oraz \u017c\u0105dania ich sprostowania, usuni\u0119cia, ograniczenia przetwarzania, prawo do przenoszenia danych oraz prawo wniesienia sprzeciwu wzgl\u0119dem przetwarzania danych, a tak\u017ce prawo wniesienia skargi do organu nadzorczego zajmuj\u0105cego si\u0119 ochron\u0105 Danych osobowych.<\/p>\n<p class=\"p3\"><strong>6.2. <\/strong>W zakresie, w jakim dane U\u017cytkownika przetwarzane s\u0105 na podstawie zgody, mo\u017cna t\u0119 zgod\u0119 wycofa\u0107 w dowolnym momencie, kontaktuj\u0105c si\u0119 z Administratorem.<\/p>\n<p class=\"p3\"><strong>6.3. <\/strong>U\u017cytkownik ma prawo zg\u0142oszenia sprzeciwu wzgl\u0119dem przetwarzania danych dla cel\u00f3w marketingowych, je\u015bli przetwarzanie odbywa si\u0119 w zwi\u0105zku z prawnie uzasadnionym interesem Administratora, a tak\u017ce \u2013 z przyczyn zwi\u0105zanych ze szczeg\u00f3ln\u0105 sytuacj\u0105 U\u017cytkownika \u2013 w innych przypadkach, gdy postaw\u0105 prawn\u0105 przetwarzania danych jest prawnie uzasadniony interes Administratora (np. w zwi\u0105zku z realizacj\u0105 cel\u00f3w analitycznych i statystycznych).<\/p>\n<p><strong>7. ODBIORCY DANYCH <\/strong><\/p>\n<p class=\"p3\"><strong>7.1. <\/strong>Administrator zastrzega sobie prawo ujawnienia wybranych informacji dotycz\u0105cych U\u017cytkownika w\u0142a\u015bciwym organom b\u0105d\u017a osobom trzecim, kt\u00f3re zg\u0142osz\u0105 \u017c\u0105danie udzielenia takich informacji, opieraj\u0105c si\u0119 na odpowiedniej podstawie prawnej oraz zgodnie z przepisami obowi\u0105zuj\u0105cego prawa.<\/p>\n<p class=\"p2\" style=\"text-align: center;\"><span class=\"s3\"><strong>8. PRZEKAZYWANIE DANYCH POZA EOG<\/strong><\/span><\/p>\n<p class=\"p2\"><strong>8.1. <\/strong>Poziom ochrony Danych osobowych poza Europejskim Obszarem Gospodarczym (EOG) r\u00f3\u017cni si\u0119 od tego zapewnianego przez prawo europejskie. Z tego powodu Administrator przekazuje Dane osobowe poza EOG tylko wtedy, gdy jest to konieczne, i z zapewnieniem odpowiedniego stopnia ochrony, przede wszystkim poprzez:<\/p>\n<p class=\"p2\"><strong>8.1.1. <\/strong>wsp\u00f3\u0142prac\u0119 z podmiotami przetwarzaj\u0105cymi Dane osobowe w pa\u0144stwach, w odniesieniu do kt\u00f3rych zosta\u0142a wydana stosowna decyzja Komisji Europejskiej dotycz\u0105ca stwierdzenia zapewnienia odpowiedniego stopnia ochrony Danych osobowych;<\/p>\n<p class=\"p2\"><strong>8.1.2. <\/strong>stosowanie standardowych klauzul umownych wydanych przez Komisj\u0119 Europejsk\u0105;<\/p>\n<p class=\"p3\"><strong>8.1.3. <\/strong>stosowanie wi\u0105\u017c\u0105cych regu\u0142 korporacyjnych, zatwierdzonych przez w\u0142a\u015bciwy organ nadzorczy.<\/p>\n<p class=\"p3\"><strong>8.2. <\/strong>Administrator zawsze informuje o zamiarze przekazania Danych osobowych poza EOG na etapie ich zbierania.<\/p>\n<p class=\"p5\" style=\"text-align: center;\"><span class=\"s3\"><strong>9. BEZPIECZE\u0143STWO DANYCH OSOBOWYCH<\/strong><\/span><\/p>\n<p class=\"p5\"><strong>9.1. <\/strong>Administrator na bie\u017c\u0105co prowadzi analiz\u0119 ryzyka w celu zapewnienia, \u017ce Dane osobowe przetwarzane s\u0105 przez niego w spos\u00f3b bezpieczny \u2013 zapewniaj\u0105cy przede wszystkim, \u017ce dost\u0119p do danych maj\u0105 jedynie osoby upowa\u017cnione i jedynie w zakresie, w jakim jest to niezb\u0119dne ze wzgl\u0119du na wykonywane przez nie zadania. Administrator dba o to, by wszystkie operacje na Danych osobowych by\u0142y rejestrowane i dokonywane jedynie przez uprawnionych pracownik\u00f3w i wsp\u00f3\u0142pracownik\u00f3w.<\/p>\n<p class=\"p3\"><strong>9.2. <\/strong>Administrator podejmuje wszelkie niezb\u0119dne dzia\u0142ania, by tak\u017ce jego podwykonawcy i inne podmioty wsp\u00f3\u0142pracuj\u0105ce dawa\u0142y gwarancj\u0119 stosowania odpowiednich \u015brodk\u00f3w bezpiecze\u0144stwa w ka\u017cdym przypadku, gdy przetwarzaj\u0105 Dane osobowe na zlecenie Administratora.<\/p>\n<p class=\"p3\" style=\"text-align: center;\"><span class=\"s3\"><strong>10. DANE KONTAKTOWE<\/strong><\/span><\/p>\n<p class=\"p3\"><strong>10.1. <\/strong>Kontakt z Administratorem jest mo\u017cliwy poprzez adres e-mail: marta.marczuk@lata-dwudzieste.pl lub adres korespondencyjny.<\/p>\n<p class=\"p5\" style=\"text-align: center;\"><span class=\"s3\"><strong>11. ZMIANY POLITYKI PRYWATNO\u015aCI<\/strong><\/span><\/p>\n<p class=\"p5\"><strong>11.1.<\/strong> Polityka jest na bie\u017c\u0105co weryfikowana i w razie potrzeby aktualizowana.<\/p>\n<p class=\"p3\"><strong>11.2. <\/strong>Aktualna wersja Polityki zosta\u0142a przyj\u0119ta i obowi\u0105zuje od 14 grudnia 2022 r.<\/p>\n","protected":false},"excerpt":{"rendered":"<p>\u00a01. DEFINICJE 1.1. Administrator \u2013 Lata Dwudzieste Sp. z o.o. z siedzib\u0105 w Warszawie przy ulicy Opoczy\u0144skiej 10\/10, 02-526 Warszawa. 1.2. Dane osobowe \u2013 informacje o osobie fizycznej zidentyfikowanej lub&#8230;<\/p>\n","protected":false},"author":1,"featured_media":0,"parent":0,"menu_order":0,"comment_status":"closed","ping_status":"closed","template":"","meta":{"footnotes":""},"class_list":["post-16","page","type-page","status-publish","hentry"],"acf":[],"yoast_head":"<!-- This site is optimized with the Yoast SEO plugin v25.0 - https:\/\/yoast.com\/wordpress\/plugins\/seo\/ -->\n<title>Polityka prywatno\u015bci - Ziemianie Atakuj\u0105 - Nowe Narracje<\/title>\n<meta name=\"robots\" content=\"index, follow, max-snippet:-1, max-image-preview:large, max-video-preview:-1\" \/>\n<link rel=\"canonical\" href=\"https:\/\/ziemianieatakuja.pl\/narracje\/polityka-prywatnosci\/\" \/>\n<meta property=\"og:locale\" content=\"pl_PL\" \/>\n<meta property=\"og:type\" content=\"article\" \/>\n<meta property=\"og:title\" content=\"Polityka prywatno\u015bci - Ziemianie Atakuj\u0105 - Nowe Narracje\" \/>\n<meta property=\"og:description\" content=\"\u00a01. DEFINICJE 1.1. Administrator \u2013 Lata Dwudzieste Sp. z o.o. z siedzib\u0105 w Warszawie przy ulicy Opoczy\u0144skiej 10\/10, 02-526 Warszawa. 1.2. Dane osobowe \u2013 informacje o osobie fizycznej zidentyfikowanej lub...\" \/>\n<meta property=\"og:url\" content=\"https:\/\/ziemianieatakuja.pl\/narracje\/polityka-prywatnosci\/\" \/>\n<meta property=\"og:site_name\" content=\"Ziemianie Atakuj\u0105 - Nowe Narracje\" \/>\n<meta property=\"article:modified_time\" content=\"2025-05-09T14:12:31+00:00\" \/>\n<meta name=\"twitter:card\" content=\"summary_large_image\" \/>\n<meta name=\"twitter:label1\" content=\"Szacowany czas czytania\" \/>\n\t<meta name=\"twitter:data1\" content=\"7 minut\" \/>\n<script type=\"application\/ld+json\" class=\"yoast-schema-graph\">{\"@context\":\"https:\/\/schema.org\",\"@graph\":[{\"@type\":\"WebPage\",\"@id\":\"https:\/\/ziemianieatakuja.pl\/narracje\/polityka-prywatnosci\/\",\"url\":\"https:\/\/ziemianieatakuja.pl\/narracje\/polityka-prywatnosci\/\",\"name\":\"Polityka prywatno\u015bci - Ziemianie Atakuj\u0105 - Nowe Narracje\",\"isPartOf\":{\"@id\":\"https:\/\/ziemianieatakuja.pl\/narracje\/#website\"},\"datePublished\":\"2019-09-17T22:52:28+00:00\",\"dateModified\":\"2025-05-09T14:12:31+00:00\",\"breadcrumb\":{\"@id\":\"https:\/\/ziemianieatakuja.pl\/narracje\/polityka-prywatnosci\/#breadcrumb\"},\"inLanguage\":\"pl-PL\",\"potentialAction\":[{\"@type\":\"ReadAction\",\"target\":[\"https:\/\/ziemianieatakuja.pl\/narracje\/polityka-prywatnosci\/\"]}]},{\"@type\":\"BreadcrumbList\",\"@id\":\"https:\/\/ziemianieatakuja.pl\/narracje\/polityka-prywatnosci\/#breadcrumb\",\"itemListElement\":[{\"@type\":\"ListItem\",\"position\":1,\"name\":\"Strona g\u0142\u00f3wna\",\"item\":\"https:\/\/ziemianieatakuja.pl\/narracje\/\"},{\"@type\":\"ListItem\",\"position\":2,\"name\":\"Polityka prywatno\u015bci\"}]},{\"@type\":\"WebSite\",\"@id\":\"https:\/\/ziemianieatakuja.pl\/narracje\/#website\",\"url\":\"https:\/\/ziemianieatakuja.pl\/narracje\/\",\"name\":\"Ziemianie Atakuj\u0105 - Nowe Narracje\",\"description\":\"\",\"potentialAction\":[{\"@type\":\"SearchAction\",\"target\":{\"@type\":\"EntryPoint\",\"urlTemplate\":\"https:\/\/ziemianieatakuja.pl\/narracje\/?s={search_term_string}\"},\"query-input\":{\"@type\":\"PropertyValueSpecification\",\"valueRequired\":true,\"valueName\":\"search_term_string\"}}],\"inLanguage\":\"pl-PL\"}]}<\/script>\n<!-- \/ Yoast SEO plugin. -->","yoast_head_json":{"title":"Polityka prywatno\u015bci - Ziemianie Atakuj\u0105 - Nowe Narracje","robots":{"index":"index","follow":"follow","max-snippet":"max-snippet:-1","max-image-preview":"max-image-preview:large","max-video-preview":"max-video-preview:-1"},"canonical":"https:\/\/ziemianieatakuja.pl\/narracje\/polityka-prywatnosci\/","og_locale":"pl_PL","og_type":"article","og_title":"Polityka prywatno\u015bci - Ziemianie Atakuj\u0105 - Nowe Narracje","og_description":"\u00a01. DEFINICJE 1.1. Administrator \u2013 Lata Dwudzieste Sp. z o.o. z siedzib\u0105 w Warszawie przy ulicy Opoczy\u0144skiej 10\/10, 02-526 Warszawa. 1.2. Dane osobowe \u2013 informacje o osobie fizycznej zidentyfikowanej lub...","og_url":"https:\/\/ziemianieatakuja.pl\/narracje\/polityka-prywatnosci\/","og_site_name":"Ziemianie Atakuj\u0105 - Nowe Narracje","article_modified_time":"2025-05-09T14:12:31+00:00","twitter_card":"summary_large_image","twitter_misc":{"Szacowany czas czytania":"7 minut"},"schema":{"@context":"https:\/\/schema.org","@graph":[{"@type":"WebPage","@id":"https:\/\/ziemianieatakuja.pl\/narracje\/polityka-prywatnosci\/","url":"https:\/\/ziemianieatakuja.pl\/narracje\/polityka-prywatnosci\/","name":"Polityka prywatno\u015bci - Ziemianie Atakuj\u0105 - Nowe Narracje","isPartOf":{"@id":"https:\/\/ziemianieatakuja.pl\/narracje\/#website"},"datePublished":"2019-09-17T22:52:28+00:00","dateModified":"2025-05-09T14:12:31+00:00","breadcrumb":{"@id":"https:\/\/ziemianieatakuja.pl\/narracje\/polityka-prywatnosci\/#breadcrumb"},"inLanguage":"pl-PL","potentialAction":[{"@type":"ReadAction","target":["https:\/\/ziemianieatakuja.pl\/narracje\/polityka-prywatnosci\/"]}]},{"@type":"BreadcrumbList","@id":"https:\/\/ziemianieatakuja.pl\/narracje\/polityka-prywatnosci\/#breadcrumb","itemListElement":[{"@type":"ListItem","position":1,"name":"Strona g\u0142\u00f3wna","item":"https:\/\/ziemianieatakuja.pl\/narracje\/"},{"@type":"ListItem","position":2,"name":"Polityka prywatno\u015bci"}]},{"@type":"WebSite","@id":"https:\/\/ziemianieatakuja.pl\/narracje\/#website","url":"https:\/\/ziemianieatakuja.pl\/narracje\/","name":"Ziemianie Atakuj\u0105 - Nowe Narracje","description":"","potentialAction":[{"@type":"SearchAction","target":{"@type":"EntryPoint","urlTemplate":"https:\/\/ziemianieatakuja.pl\/narracje\/?s={search_term_string}"},"query-input":{"@type":"PropertyValueSpecification","valueRequired":true,"valueName":"search_term_string"}}],"inLanguage":"pl-PL"}]}},"_links":{"self":[{"href":"https:\/\/ziemianieatakuja.pl\/narracje\/wp-json\/wp\/v2\/pages\/16","targetHints":{"allow":["GET"]}}],"collection":[{"href":"https:\/\/ziemianieatakuja.pl\/narracje\/wp-json\/wp\/v2\/pages"}],"about":[{"href":"https:\/\/ziemianieatakuja.pl\/narracje\/wp-json\/wp\/v2\/types\/page"}],"author":[{"embeddable":true,"href":"https:\/\/ziemianieatakuja.pl\/narracje\/wp-json\/wp\/v2\/users\/1"}],"replies":[{"embeddable":true,"href":"https:\/\/ziemianieatakuja.pl\/narracje\/wp-json\/wp\/v2\/comments?post=16"}],"version-history":[{"count":11,"href":"https:\/\/ziemianieatakuja.pl\/narracje\/wp-json\/wp\/v2\/pages\/16\/revisions"}],"predecessor-version":[{"id":476,"href":"https:\/\/ziemianieatakuja.pl\/narracje\/wp-json\/wp\/v2\/pages\/16\/revisions\/476"}],"wp:attachment":[{"href":"https:\/\/ziemianieatakuja.pl\/narracje\/wp-json\/wp\/v2\/media?parent=16"}],"curies":[{"name":"wp","href":"https:\/\/api.w.org\/{rel}","templated":true}]}}