{"id":694,"date":"2025-05-07T16:21:32","date_gmt":"2025-05-07T14:21:32","guid":{"rendered":"https:\/\/ziemianieatakuja.pl\/narracje\/badanie-postaw-i-test-konceptow-komunikacyjnych\/"},"modified":"2025-11-14T00:16:06","modified_gmt":"2025-11-13T23:16:06","slug":"badanie-postaw-i-test-konceptow-komunikacyjnych","status":"publish","type":"page","link":"https:\/\/ziemianieatakuja.pl\/narracje\/en\/badanie-postaw-i-test-konceptow-komunikacyjnych\/","title":{"rendered":"Test and go!"},"content":{"rendered":"<p class=\"p1\">After defining priority actions for nature and developing communication ideas, September was the time to test them on a sample of 806 Poles. This is the final stage in the process of creating the guides!<\/p>\n<p class=\"p1\">Join us for the premiere of the guides &#8220;Humans Attack! &#8211; Tongue Untied&#8221; on 14 November at 2:30 p.m. (streaming starts at 3:00 p.m.).<\/p>\n<p class=\"p1\">The programme includes:<\/p>\n<p class=\"p1\">14:30 &#8211; SDG #17 in practice: a meeting of patrons, partners and friends of &#8220;Ziemianie&#8221; over coffee, tea and snacks<\/p>\n<p class=\"p1\">15:00 &#8211; we begin streaming<\/p>\n<p class=\"p1\">15:00 &#8211; Welcome by the patron and host (Ma\u0142gorzata M\u0142ochowska, Warsaw City Council)<\/p>\n<p class=\"p1\">15:05 &#8211; Warsaw, Miko\u0142ajki, Krakow, Murzasichle, Katowice &#8211; a short story about how the communication guides &#8220;Ziemianie Atakuj\u0105! &#8211; J\u0119zyk w g\u0119bie&#8221; (Mateusz Galica and Marta Marczuk, Lata Dwudzieste) were created<\/p>\n<p class=\"p1\">15:10 &#8211; Power speech #1: why do we need to change the world of energy? (Kamil Wyszkowski, UN Global Compact Network Poland)<\/p>\n<p class=\"p1\">15:15 &#8211; Power speech #2: why do we need to rethink how we get from A to B? (Maria Wi\u015bnicka, Warsaw City Hall)<\/p>\n<p class=\"p1\">15:20 &#8211; Power speech #3: Why should we start eating differently? (Prof. Zbigniew Karaczun, Warsaw University of Life Sciences, Climate Coalition, Food for the Future Think Tank)<\/p>\n<p class=\"p1\">15:25 &#8211; Power speech #4: Why should we encourage employees of large and small companies? (Agnieszka Wyci\u015blik-Kupicha, Eco Green Management)<\/p>\n<p class=\"p1\">3:30 p.m. &#8211; Power song: how we fell into the trap of consumerism (musical surprise)<\/p>\n<p class=\"p1\">3:35 p.m. &#8211; We forgot how to speak &#8211; discussion with the main patrons of &#8220;Ziemianie&#8221; (representatives of the main patrons of the project: Bank Pekao S.A., ORLEN, InPost, Danone, IKEA)<\/p>\n<p class=\"p1\">15:55 &#8211; &#8220;Language in the mouth&#8221; &#8211; presentation of practical communication guides for companies, local governments, politicians and NGOs (Mateusz Galica, Lata Dwudzieste)<\/p>\n<p class=\"p1\">16:10 &#8211; Great gratitude! Acknowledgements and presentation of statuettes to the project patrons<\/p>\n<p class=\"p1\">16:30 &#8211; Power surprise: what awaits &#8220;Earthlings&#8221; next year?<\/p>\n<p class=\"p1\">16:35 &#8211; Power video: Language in the mouth (surprise video)<\/p>\n<p class=\"p1\">16:40 &#8211; Cocktail party for patrons, partners and friends of &#8220;Earthlings&#8221;<\/p>\n<p class=\"p1\">18:00 &#8211; Closing<\/p>\n<p class=\"p1\">This is not only a premiere, but also a celebration of the commitment of dozens of experts, patrons and partners who have ensured that, in the difficult relationship between humans and nature, people will receive instructions on how to communicate wise decisions, and nature will finally receive a decent level of communication service.<\/p>\n<p class=\"p1\">We will provide a link to the stream soon. If you have any questions, please contact us!<\/p>\n","protected":false},"excerpt":{"rendered":"<p>After defining priority actions for nature and developing communication ideas, September was the time to test them on a sample of 806 Poles. This is the final stage in the&#8230;<\/p>\n","protected":false},"author":1,"featured_media":0,"parent":0,"menu_order":0,"comment_status":"closed","ping_status":"closed","template":"","meta":{"footnotes":""},"class_list":["post-694","page","type-page","status-publish","hentry"],"acf":[],"yoast_head":"<!-- This site is optimized with the Yoast SEO plugin v25.0 - https:\/\/yoast.com\/wordpress\/plugins\/seo\/ -->\n<title>Test and go! - Ziemianie Atakuj\u0105 - Nowe Narracje<\/title>\n<meta name=\"robots\" content=\"index, follow, max-snippet:-1, max-image-preview:large, max-video-preview:-1\" \/>\n<link rel=\"canonical\" href=\"https:\/\/ziemianieatakuja.pl\/narracje\/en\/badanie-postaw-i-test-konceptow-komunikacyjnych\/\" \/>\n<meta property=\"og:locale\" content=\"en_US\" \/>\n<meta property=\"og:type\" content=\"article\" \/>\n<meta property=\"og:title\" content=\"Test and go! - Ziemianie Atakuj\u0105 - Nowe Narracje\" \/>\n<meta property=\"og:description\" content=\"After defining priority actions for nature and developing communication ideas, September was the time to test them on a sample of 806 Poles. This is the final stage in the...\" \/>\n<meta property=\"og:url\" content=\"https:\/\/ziemianieatakuja.pl\/narracje\/en\/badanie-postaw-i-test-konceptow-komunikacyjnych\/\" \/>\n<meta property=\"og:site_name\" content=\"Ziemianie Atakuj\u0105 - Nowe Narracje\" \/>\n<meta property=\"article:modified_time\" content=\"2025-11-13T23:16:06+00:00\" \/>\n<meta name=\"twitter:card\" content=\"summary_large_image\" \/>\n<meta name=\"twitter:label1\" content=\"Est. reading time\" \/>\n\t<meta name=\"twitter:data1\" content=\"3 minutes\" \/>\n<script type=\"application\/ld+json\" class=\"yoast-schema-graph\">{\"@context\":\"https:\/\/schema.org\",\"@graph\":[{\"@type\":\"WebPage\",\"@id\":\"https:\/\/ziemianieatakuja.pl\/narracje\/en\/badanie-postaw-i-test-konceptow-komunikacyjnych\/\",\"url\":\"https:\/\/ziemianieatakuja.pl\/narracje\/en\/badanie-postaw-i-test-konceptow-komunikacyjnych\/\",\"name\":\"Test and go! - Ziemianie Atakuj\u0105 - Nowe Narracje\",\"isPartOf\":{\"@id\":\"https:\/\/ziemianieatakuja.pl\/narracje\/#website\"},\"datePublished\":\"2025-05-07T14:21:32+00:00\",\"dateModified\":\"2025-11-13T23:16:06+00:00\",\"breadcrumb\":{\"@id\":\"https:\/\/ziemianieatakuja.pl\/narracje\/en\/badanie-postaw-i-test-konceptow-komunikacyjnych\/#breadcrumb\"},\"inLanguage\":\"en-US\",\"potentialAction\":[{\"@type\":\"ReadAction\",\"target\":[\"https:\/\/ziemianieatakuja.pl\/narracje\/en\/badanie-postaw-i-test-konceptow-komunikacyjnych\/\"]}]},{\"@type\":\"BreadcrumbList\",\"@id\":\"https:\/\/ziemianieatakuja.pl\/narracje\/en\/badanie-postaw-i-test-konceptow-komunikacyjnych\/#breadcrumb\",\"itemListElement\":[{\"@type\":\"ListItem\",\"position\":1,\"name\":\"Strona g\u0142\u00f3wna\",\"item\":\"https:\/\/ziemianieatakuja.pl\/narracje\/en\/\"},{\"@type\":\"ListItem\",\"position\":2,\"name\":\"Test and go!\"}]},{\"@type\":\"WebSite\",\"@id\":\"https:\/\/ziemianieatakuja.pl\/narracje\/#website\",\"url\":\"https:\/\/ziemianieatakuja.pl\/narracje\/\",\"name\":\"Ziemianie Atakuj\u0105 - Nowe Narracje\",\"description\":\"\",\"potentialAction\":[{\"@type\":\"SearchAction\",\"target\":{\"@type\":\"EntryPoint\",\"urlTemplate\":\"https:\/\/ziemianieatakuja.pl\/narracje\/?s={search_term_string}\"},\"query-input\":{\"@type\":\"PropertyValueSpecification\",\"valueRequired\":true,\"valueName\":\"search_term_string\"}}],\"inLanguage\":\"en-US\"}]}<\/script>\n<!-- \/ Yoast SEO plugin. -->","yoast_head_json":{"title":"Test and go! - Ziemianie Atakuj\u0105 - Nowe Narracje","robots":{"index":"index","follow":"follow","max-snippet":"max-snippet:-1","max-image-preview":"max-image-preview:large","max-video-preview":"max-video-preview:-1"},"canonical":"https:\/\/ziemianieatakuja.pl\/narracje\/en\/badanie-postaw-i-test-konceptow-komunikacyjnych\/","og_locale":"en_US","og_type":"article","og_title":"Test and go! - Ziemianie Atakuj\u0105 - Nowe Narracje","og_description":"After defining priority actions for nature and developing communication ideas, September was the time to test them on a sample of 806 Poles. This is the final stage in the...","og_url":"https:\/\/ziemianieatakuja.pl\/narracje\/en\/badanie-postaw-i-test-konceptow-komunikacyjnych\/","og_site_name":"Ziemianie Atakuj\u0105 - Nowe Narracje","article_modified_time":"2025-11-13T23:16:06+00:00","twitter_card":"summary_large_image","twitter_misc":{"Est. reading time":"3 minutes"},"schema":{"@context":"https:\/\/schema.org","@graph":[{"@type":"WebPage","@id":"https:\/\/ziemianieatakuja.pl\/narracje\/en\/badanie-postaw-i-test-konceptow-komunikacyjnych\/","url":"https:\/\/ziemianieatakuja.pl\/narracje\/en\/badanie-postaw-i-test-konceptow-komunikacyjnych\/","name":"Test and go! - Ziemianie Atakuj\u0105 - Nowe Narracje","isPartOf":{"@id":"https:\/\/ziemianieatakuja.pl\/narracje\/#website"},"datePublished":"2025-05-07T14:21:32+00:00","dateModified":"2025-11-13T23:16:06+00:00","breadcrumb":{"@id":"https:\/\/ziemianieatakuja.pl\/narracje\/en\/badanie-postaw-i-test-konceptow-komunikacyjnych\/#breadcrumb"},"inLanguage":"en-US","potentialAction":[{"@type":"ReadAction","target":["https:\/\/ziemianieatakuja.pl\/narracje\/en\/badanie-postaw-i-test-konceptow-komunikacyjnych\/"]}]},{"@type":"BreadcrumbList","@id":"https:\/\/ziemianieatakuja.pl\/narracje\/en\/badanie-postaw-i-test-konceptow-komunikacyjnych\/#breadcrumb","itemListElement":[{"@type":"ListItem","position":1,"name":"Strona g\u0142\u00f3wna","item":"https:\/\/ziemianieatakuja.pl\/narracje\/en\/"},{"@type":"ListItem","position":2,"name":"Test and go!"}]},{"@type":"WebSite","@id":"https:\/\/ziemianieatakuja.pl\/narracje\/#website","url":"https:\/\/ziemianieatakuja.pl\/narracje\/","name":"Ziemianie Atakuj\u0105 - Nowe Narracje","description":"","potentialAction":[{"@type":"SearchAction","target":{"@type":"EntryPoint","urlTemplate":"https:\/\/ziemianieatakuja.pl\/narracje\/?s={search_term_string}"},"query-input":{"@type":"PropertyValueSpecification","valueRequired":true,"valueName":"search_term_string"}}],"inLanguage":"en-US"}]}},"_links":{"self":[{"href":"https:\/\/ziemianieatakuja.pl\/narracje\/en\/wp-json\/wp\/v2\/pages\/694","targetHints":{"allow":["GET"]}}],"collection":[{"href":"https:\/\/ziemianieatakuja.pl\/narracje\/en\/wp-json\/wp\/v2\/pages"}],"about":[{"href":"https:\/\/ziemianieatakuja.pl\/narracje\/en\/wp-json\/wp\/v2\/types\/page"}],"author":[{"embeddable":true,"href":"https:\/\/ziemianieatakuja.pl\/narracje\/en\/wp-json\/wp\/v2\/users\/1"}],"replies":[{"embeddable":true,"href":"https:\/\/ziemianieatakuja.pl\/narracje\/en\/wp-json\/wp\/v2\/comments?post=694"}],"version-history":[{"count":7,"href":"https:\/\/ziemianieatakuja.pl\/narracje\/en\/wp-json\/wp\/v2\/pages\/694\/revisions"}],"predecessor-version":[{"id":1129,"href":"https:\/\/ziemianieatakuja.pl\/narracje\/en\/wp-json\/wp\/v2\/pages\/694\/revisions\/1129"}],"wp:attachment":[{"href":"https:\/\/ziemianieatakuja.pl\/narracje\/en\/wp-json\/wp\/v2\/media?parent=694"}],"curies":[{"name":"wp","href":"https:\/\/api.w.org\/{rel}","templated":true}]}}